{"id":20,"date":"2026-01-02T14:09:25","date_gmt":"2026-01-02T14:09:25","guid":{"rendered":"https:\/\/kuin.fi\/?page_id=20"},"modified":"2026-01-05T22:18:06","modified_gmt":"2026-01-05T22:18:06","slug":"tietosuojakaytanto","status":"publish","type":"page","link":"https:\/\/hopvault.com\/kuin.fi\/tietosuojakaytanto\/","title":{"rendered":"Tietosuojak\u00e4yt\u00e4nt\u00f6"},"content":{"rendered":"\n<h1 class=\"wp-block-heading\">Tietosuojak\u00e4yt\u00e4nt\u00f6<\/h1>\n\n\n\n<p>Jos p\u00e4\u00e4t\u00e4t k\u00e4ytt\u00e4\u00e4 Palveluamme, hyv\u00e4ksyt tietojen ker\u00e4\u00e4misen ja k\u00e4yt\u00f6n t\u00e4m\u00e4n tietosuojak\u00e4yt\u00e4nn\u00f6n mukaisesti. Ker\u00e4\u00e4mi\u00e4mme tietoja k\u00e4ytet\u00e4\u00e4n Palvelun tarjoamiseen ja parantamiseen. Emme k\u00e4yt\u00e4 tai jaa tietojasi kenenk\u00e4\u00e4n kanssa muutoin kuin t\u00e4ss\u00e4 tietosuojak\u00e4yt\u00e4nn\u00f6ss\u00e4 kuvatulla tavalla.<\/p>\n\n\n\n<h2 class=\"wp-block-heading\">Tiedonkeruu ja k\u00e4ytt\u00f6<\/h2>\n\n\n\n<p>Jotta voisimme tarjota paremman k\u00e4ytt\u00f6kokemuksen Palveluamme k\u00e4ytt\u00e4ess\u00e4si, saatamme pyyt\u00e4\u00e4 sinua antamaan meille tiettyj\u00e4 tietoja. Ker\u00e4\u00e4mi\u00e4mme tietoja k\u00e4ytet\u00e4\u00e4n yhteyden ottamiseen tai tunnistamiseen.<\/p>\n\n\n\n<h2 class=\"wp-block-heading\">Lokitiedot<\/h2>\n\n\n\n<p>Haluamme ilmoittaa sinulle, ett\u00e4 aina kun vierailet Palvelussamme, ker\u00e4\u00e4mme selaimesi meille l\u00e4hett\u00e4mi\u00e4 tietoja, joita kutsutaan lokitiedoksi. N\u00e4m\u00e4 lokitiedot voivat sis\u00e4lt\u00e4\u00e4 tietoja, kuten tietokoneesi internet-protokollaosoitteen (&#8220;IP&#8221;), selaimen version, vierailemasi Palvelumme sivut, vierailusi kellonajan ja p\u00e4iv\u00e4m\u00e4\u00e4r\u00e4n, n\u00e4ill\u00e4 sivuilla vietetyn ajan ja muita tilastoja.<\/p>\n\n\n\n<h2 class=\"wp-block-heading\">Ev\u00e4steet<\/h2>\n\n\n\n<p>Ev\u00e4steet ovat tiedostoja, jotka sis\u00e4lt\u00e4v\u00e4t pienen m\u00e4\u00e4r\u00e4n tietoa. N\u00e4it\u00e4 k\u00e4ytet\u00e4\u00e4n yleens\u00e4 anonyymina yksil\u00f6llisen\u00e4 tunnisteena. N\u00e4m\u00e4 l\u00e4hetet\u00e4\u00e4n selaimeesi vierailemaltasi verkkosivustolta ja tallennetaan tietokoneesi kiintolevylle.<\/p>\n\n\n\n<p>Verkkosivustomme k\u00e4ytt\u00e4\u00e4 n\u00e4it\u00e4 &#8220;ev\u00e4steit\u00e4&#8221; tiedonkeruuseen ja palvelumme parantamiseen. Voit joko hyv\u00e4ksy\u00e4 tai hyl\u00e4t\u00e4 n\u00e4m\u00e4 ev\u00e4steet ja tiet\u00e4\u00e4, milloin ev\u00e4ste l\u00e4hetet\u00e4\u00e4n tietokoneellesi. Jos hylk\u00e4\u00e4t ev\u00e4steemme, et v\u00e4ltt\u00e4m\u00e4tt\u00e4 voi k\u00e4ytt\u00e4\u00e4 joitakin palvelumme osia.<\/p>\n\n\n\n<h2 class=\"wp-block-heading\">Turvallisuus<\/h2>\n\n\n\n<p>Arvostamme luottamustasi tietojesi meille antamiseen, joten pyrimme k\u00e4ytt\u00e4m\u00e4\u00e4n kaupallisesti hyv\u00e4ksytt\u00e4vi\u00e4 keinoja niiden suojaamiseen. Muista kuitenkin, ett\u00e4 mik\u00e4\u00e4n internetin kautta tapahtuva tiedonsiirtomenetelm\u00e4 tai s\u00e4hk\u00f6inen tallennusmenetelm\u00e4 ei ole 100 % turvallinen ja luotettava, emmek\u00e4 voi taata niiden absoluuttista turvallisuutta.<\/p>\n\n\n\n<h2 class=\"wp-block-heading\">Linkit muille sivustoille<\/h2>\n\n\n\n<p>Palvelumme saattaa sis\u00e4lt\u00e4\u00e4 linkkej\u00e4 muille sivustoille. Jos napsautat kolmannen osapuolen linkki\u00e4, sinut ohjataan kyseiselle sivustolle. Huomaa, ett\u00e4 emme yll\u00e4pid\u00e4 n\u00e4it\u00e4 ulkoisia sivustoja. Siksi suosittelemme vahvasti, ett\u00e4 tarkistat n\u00e4iden verkkosivustojen tietosuojak\u00e4yt\u00e4nn\u00f6t. Meill\u00e4 ei ole m\u00e4\u00e4r\u00e4ysvaltaa emmek\u00e4 ota vastuuta mink\u00e4\u00e4n kolmannen osapuolen sivustojen tai palveluiden sis\u00e4ll\u00f6st\u00e4, tietosuojak\u00e4yt\u00e4nn\u00f6ist\u00e4 tai k\u00e4yt\u00e4nn\u00f6ist\u00e4.<\/p>\n\n\n\n<h2 class=\"wp-block-heading\">Muutokset t\u00e4h\u00e4n tietosuojak\u00e4yt\u00e4nt\u00f6\u00f6n<\/h2>\n\n\n\n<p>Saatamme p\u00e4ivitt\u00e4\u00e4 tietosuojak\u00e4yt\u00e4nt\u00f6\u00e4mme aika ajoin. Siksi kehotamme sinua tarkistamaan t\u00e4m\u00e4n sivun s\u00e4\u00e4nn\u00f6llisesti mahdollisten muutosten varalta. Ilmoitamme sinulle muutoksista julkaisemalla uuden tietosuojak\u00e4yt\u00e4nn\u00f6n t\u00e4ll\u00e4 sivulla. N\u00e4m\u00e4 muutokset tulevat voimaan v\u00e4litt\u00f6m\u00e4sti sen j\u00e4lkeen, kun ne on julkaistu t\u00e4ll\u00e4 sivulla.<\/p>\n\n\n\n<h2 class=\"wp-block-heading\">Ota yhteytt\u00e4<\/h2>\n\n\n\n<p>Jos sinulla on kysytt\u00e4v\u00e4\u00e4 tai ehdotuksia tietosuojak\u00e4yt\u00e4nt\u00f6\u00f6mme liittyen, ota meihin yhteytt\u00e4.<\/p>\n","protected":false},"excerpt":{"rendered":"<p>Tietosuojak\u00e4yt\u00e4nt\u00f6 Jos p\u00e4\u00e4t\u00e4t k\u00e4ytt\u00e4\u00e4 Palveluamme, hyv\u00e4ksyt tietojen ker\u00e4\u00e4misen ja k\u00e4yt\u00f6n t\u00e4m\u00e4n tietosuojak\u00e4yt\u00e4nn\u00f6n mukaisesti. Ker\u00e4\u00e4mi\u00e4mme tietoja&#8230;<\/p>\n","protected":false},"author":1429,"featured_media":0,"parent":0,"menu_order":0,"comment_status":"closed","ping_status":"closed","template":"","meta":{"footnotes":""},"class_list":["post-20","page","type-page","status-publish","hentry"],"_links":{"self":[{"href":"https:\/\/hopvault.com\/kuin.fi\/wp-json\/wp\/v2\/pages\/20","targetHints":{"allow":["GET"]}}],"collection":[{"href":"https:\/\/hopvault.com\/kuin.fi\/wp-json\/wp\/v2\/pages"}],"about":[{"href":"https:\/\/hopvault.com\/kuin.fi\/wp-json\/wp\/v2\/types\/page"}],"author":[{"embeddable":true,"href":"https:\/\/hopvault.com\/kuin.fi\/wp-json\/wp\/v2\/users\/1429"}],"replies":[{"embeddable":true,"href":"https:\/\/hopvault.com\/kuin.fi\/wp-json\/wp\/v2\/comments?post=20"}],"version-history":[{"count":2,"href":"https:\/\/hopvault.com\/kuin.fi\/wp-json\/wp\/v2\/pages\/20\/revisions"}],"predecessor-version":[{"id":1000667,"href":"https:\/\/hopvault.com\/kuin.fi\/wp-json\/wp\/v2\/pages\/20\/revisions\/1000667"}],"wp:attachment":[{"href":"https:\/\/hopvault.com\/kuin.fi\/wp-json\/wp\/v2\/media?parent=20"}],"curies":[{"name":"wp","href":"https:\/\/api.w.org\/{rel}","templated":true}]}}